{"id":79,"date":"2019-01-16T17:12:17","date_gmt":"2019-01-16T17:12:17","guid":{"rendered":"http:\/\/schkrs-mi.de\/?page_id=79"},"modified":"2019-01-16T17:12:17","modified_gmt":"2019-01-16T17:12:17","slug":"impressum-datenschutzerklaerung","status":"publish","type":"page","link":"https:\/\/www.sk-minden.de\/?page_id=79","title":{"rendered":"Impressum \/ Datenschutzerkl\u00e4rung"},"content":{"rendered":"\n<p>\u00a9 2011 Sch\u00fctzenkreis Minden e.V. \u2013 Alle Rechte vorbehalten.<\/p>\n\n\n\n<hr class=\"wp-block-separator\"\/>\n\n\n\n<h2 class=\"wp-block-heading\">Verantwortlich f\u00fcr den Inhalt nach \u00a7 55 Abs. 2 RStV:<\/h2>\n\n\n\n<p>Burkhard Kemena<br>Stormstr. 2<br>32425 Minden<br> Tel.: 0571 \/ 9 75 96 77 <br><br> Email: <a href=\"mailto:burkhard.kemena@t-online.de>&#8222;>burkhard.kemena@t-online.de<\/a><\/p>\n\n\n\n<hr class=\"wp-block-separator\"\/>\n\n\n\n<h2 class=\"wp-block-heading\">Wichtiger Hinweis<\/h2>\n\n\n\n<p>Alle Informationen dienen zur \npers\u00f6nlichen Information \u2013 eine kommerzielle Nutzung der DSB-Seiten, der\n Inhalte, Bilder, Informationen, redaktionellen Beschreibungen, der \nStrukturierung usw. ist nicht erlaubt.<br> Die auf dieser \nInternet-Pr\u00e4senz ver\u00f6ffentlichten Texte, Bilder und Informationen sind \nzum Teil urheberrechtlich gesch\u00fctzt. F\u00fcr Fehler im Text, in Erkl\u00e4rungen \nund Darstellungen oder falsche Links wird keine Haftung \u00fcbernommen. Der \nWSB \u00fcbernimmt auch keinerlei Haftung f\u00fcr die Inhalte der als Links \naufgef\u00fchrten Internetangebote.<\/p>\n\n\n\n<hr class=\"wp-block-separator\"\/>\n\n\n\n<h2 class=\"wp-block-heading\">Angaben gem.&nbsp; \u00a7 5 Telemediengesetz<\/h2>\n\n\n\n<p>Nachfolgend erhalten Sie die Angaben zur allgemeinen Informationspflicht \u00a7 5 Telemediengesetz:<\/p>\n\n\n\n<p>Sch\u00fctzenkreis Minden e.V.<br> Eingetragen im Vereinsregister beim Amtsgericht Bad Oeynhausen VR Nummer 1399<br> Umsatzsteueridentifikationsnummer: 335 5795 1747<\/p>\n\n\n\n<hr class=\"wp-block-separator\"\/>\n\n\n\n<p><strong>Datenschutzerkl\u00e4rung<\/strong><\/p>\n\n\n\n<p>Sie k\u00f6nnen unsere Seite besuchen, ohne Angaben zu Ihrer Person zu \nmachen. Personenbezogene Daten werden nur erhoben, wenn Sie uns diese im\n Rahmen Ihres Besuchs unseres Internetauftritts freiwillig mitteilen.<\/p>\n\n\n\n<p>Auf unserer Website sind zudem Programme (Plug-ins) des sozialen \nNetzwerks Facebook enthalten. Diese werden ausschlie\u00dflich von der \nFacebook Inc., 1601 S. California Ave, Palo Alto, CA 94304, USA \n(Facebook) betrieben. Die Plug-Ins sind im Rahmen unseres \nInternetauftritts durch das Facebook Logo oder den Zusatz \u201eGef\u00e4llt mir\u201d \nkenntlich gemacht. Beim Besuch einer Website unseres Internetauftritts, \ndie ein derartiges Plug-in beinhaltet, stellt ihr Browser eine direkte \nVerbindung mit den Servern von Facebook her, wodurch wiederum der Inhalt\n des Plug-ins an Ihren Browser \u00fcbermittelt und von diesem in die \ndargestellte Website eingebunden wird. Hierdurch wird die Information, \ndass Sie unsere Website besucht haben, an Facebook weitergeleitet. \nSofern Sie w\u00e4hrend des Besuchs unserer Website \u00fcber Ihr pers\u00f6nliches \nBenutzerkonto bei Facebook eingeloggt sind, kann Facebook den \nWebsitebesuch diesem Konto zuordnen. Durch Interaktion mit Plug-ins, \nz.B. durch anklicken des \u201eGef\u00e4llt mir\u201c-Buttons oder hinterlassen eines \nKommentars werden diese entsprechenden Informationen direkt an Facebook \n\u00fcbermittelt und dort gespeichert. Wenn Sie eine solche Daten\u00fcbermittlung\n unterbinden m\u00f6chten, m\u00fcssen Sie sich vor dem Besuch unseres \nInternetauftritts unter Ihrem Facebook-Account ausloggen.<\/p>\n\n\n\n<p>Zweck und Umfang der Datenerhebung durch Facebook sowie die dortige \nweitere Verarbeitung und Nutzung Ihrer Daten wie auch Ihre \ndiesbez\u00fcglichen Rechte und Einstellungsm\u00f6glichkeiten zum Schutz Ihrer \nPrivatssph\u00e4re entnehmen Sie bitte den Datenschutzhinweisen von Facebook (<a href=\"http:\/\/de-de.facebook.com\/privacy\/explanation.php\">http:\/\/de-de.facebook.com\/privacy\/explanation.php<\/a>).<\/p>\n\n\n\n<p>Bei Fragen zur Erhebung, Verarbeitung oder Nutzung Ihrer \npersonenbezogenen Daten sowie bei Ausk\u00fcnften, Berichtigung, Sperrung \noder L\u00f6schung von Daten wenden Sie sich bitte an:<\/p>\n\n\n\n<p>Sch\u00fctzenkreis Minden e.V., Burkhard Kemena, Stormstr. 2, 32425 Minden<br><\/p>\n","protected":false},"excerpt":{"rendered":"<p>\u00a9 2011 Sch\u00fctzenkreis Minden e.V. \u2013 Alle Rechte vorbehalten. Verantwortlich f\u00fcr den Inhalt nach \u00a7 55 Abs. 2 RStV: Burkhard KemenaStormstr. 232425 Minden Tel.: 0571 \/ 9 75 96 77 Email:<\/p>\n<p class=\"more-link-p\"><a class=\"more-link\" href=\"https:\/\/www.sk-minden.de\/?page_id=79\">Read more &rarr;<\/a><\/p>\n","protected":false},"author":1,"featured_media":0,"parent":0,"menu_order":0,"comment_status":"closed","ping_status":"closed","template":"","meta":{"footnotes":""},"class_list":["post-79","page","type-page","status-publish","hentry"],"_links":{"self":[{"href":"https:\/\/www.sk-minden.de\/index.php?rest_route=\/wp\/v2\/pages\/79","targetHints":{"allow":["GET"]}}],"collection":[{"href":"https:\/\/www.sk-minden.de\/index.php?rest_route=\/wp\/v2\/pages"}],"about":[{"href":"https:\/\/www.sk-minden.de\/index.php?rest_route=\/wp\/v2\/types\/page"}],"author":[{"embeddable":true,"href":"https:\/\/www.sk-minden.de\/index.php?rest_route=\/wp\/v2\/users\/1"}],"replies":[{"embeddable":true,"href":"https:\/\/www.sk-minden.de\/index.php?rest_route=%2Fwp%2Fv2%2Fcomments&post=79"}],"version-history":[{"count":1,"href":"https:\/\/www.sk-minden.de\/index.php?rest_route=\/wp\/v2\/pages\/79\/revisions"}],"predecessor-version":[{"id":80,"href":"https:\/\/www.sk-minden.de\/index.php?rest_route=\/wp\/v2\/pages\/79\/revisions\/80"}],"wp:attachment":[{"href":"https:\/\/www.sk-minden.de\/index.php?rest_route=%2Fwp%2Fv2%2Fmedia&parent=79"}],"curies":[{"name":"wp","href":"https:\/\/api.w.org\/{rel}","templated":true}]}}